{"id":29,"date":"2023-08-21T00:49:37","date_gmt":"2023-08-21T00:49:37","guid":{"rendered":"http:\/\/internationalconnections.net\/?page_id=29"},"modified":"2023-09-19T02:42:25","modified_gmt":"2023-09-19T02:42:25","slug":"programs","status":"publish","type":"page","link":"https:\/\/internationalconnections.net\/es\/programs\/","title":{"rendered":"Programas"},"content":{"rendered":"<div data-elementor-type=\"wp-page\" data-elementor-id=\"29\" class=\"elementor elementor-29\" data-elementor-post-type=\"page\">\n\t\t\t\t<div class=\"elementor-element elementor-element-756be96 e-flex e-con-boxed e-con e-parent\" data-id=\"756be96\" data-element_type=\"container\" data-e-type=\"container\" data-settings=\"{&quot;background_background&quot;:&quot;classic&quot;}\">\n\t\t\t\t\t<div class=\"e-con-inner\">\n\t\t<div class=\"elementor-element elementor-element-1823d6c e-con-full e-flex elementor-invisible e-con e-child\" data-id=\"1823d6c\" data-element_type=\"container\" data-e-type=\"container\" data-settings=\"{&quot;animation&quot;:&quot;fadeInDown&quot;,&quot;animation_mobile&quot;:&quot;fadeInDown&quot;}\">\n\t\t\t\t<div class=\"elementor-element elementor-element-404191f elementor-widget elementor-widget-heading\" data-id=\"404191f\" data-element_type=\"widget\" data-e-type=\"widget\" data-widget_type=\"heading.default\">\n\t\t\t\t<div class=\"elementor-widget-container\">\n\t\t\t\t\t<h1 class=\"elementor-heading-title elementor-size-default\">Programas<\/h1>\t\t\t\t<\/div>\n\t\t\t\t<\/div>\n\t\t\t\t<div class=\"elementor-element elementor-element-2b4c5ae elementor-widget elementor-widget-text-editor\" data-id=\"2b4c5ae\" data-element_type=\"widget\" data-e-type=\"widget\" data-widget_type=\"text-editor.default\">\n\t\t\t\t<div class=\"elementor-widget-container\">\n\t\t\t\t\t\t\t\t\t<p>En International Connections, ofrecemos una variedad de programas de visa dise\u00f1ados para satisfacer las necesidades \u00fanicas de los trabajadores y los empleadores. Nuestro compromiso es facilitar la conexi\u00f3n entre las personas con talento y las oportunidades de trabajo en los Estados Unidos. Obtenga m\u00e1s informaci\u00f3n sobre nuestros programas a continuaci\u00f3n:<\/p>\t\t\t\t\t\t\t\t<\/div>\n\t\t\t\t<\/div>\n\t\t\t\t<\/div>\n\t\t\t\t\t<\/div>\n\t\t\t\t<\/div>\n\t\t<div class=\"elementor-element elementor-element-28af3b8 e-flex e-con-boxed e-con e-parent\" data-id=\"28af3b8\" data-element_type=\"container\" data-e-type=\"container\">\n\t\t\t\t\t<div class=\"e-con-inner\">\n\t\t<div class=\"elementor-element elementor-element-1728469 e-con-full e-flex e-con e-child\" data-id=\"1728469\" data-element_type=\"container\" data-e-type=\"container\">\n\t\t\t\t<div class=\"elementor-element elementor-element-e415732 elementor-widget elementor-widget-image\" data-id=\"e415732\" data-element_type=\"widget\" data-e-type=\"widget\" data-widget_type=\"image.default\">\n\t\t\t\t<div class=\"elementor-widget-container\">\n\t\t\t\t\t\t\t\t\t\t\t\t\t\t\t<img fetchpriority=\"high\" decoding=\"async\" width=\"739\" height=\"696\" src=\"https:\/\/internationalconnections.net\/wp-content\/uploads\/2023\/08\/47507045_fb-image.png\" class=\"attachment-large size-large wp-image-897\" alt=\"\" srcset=\"https:\/\/internationalconnections.net\/wp-content\/uploads\/2023\/08\/47507045_fb-image.png 739w, https:\/\/internationalconnections.net\/wp-content\/uploads\/2023\/08\/47507045_fb-image-300x283.png 300w\" sizes=\"(max-width: 739px) 100vw, 739px\" \/>\t\t\t\t\t\t\t\t\t\t\t\t\t\t\t<\/div>\n\t\t\t\t<\/div>\n\t\t\t\t<\/div>\n\t\t<div class=\"elementor-element elementor-element-5380dcd e-con-full e-flex e-con e-child\" data-id=\"5380dcd\" data-element_type=\"container\" data-e-type=\"container\">\n\t\t\t\t<div class=\"elementor-element elementor-element-23ccc47 elementor-widget elementor-widget-heading\" data-id=\"23ccc47\" data-element_type=\"widget\" data-e-type=\"widget\" data-widget_type=\"heading.default\">\n\t\t\t\t<div class=\"elementor-widget-container\">\n\t\t\t\t\t<h2 class=\"elementor-heading-title elementor-size-default\">Visa H-2A: Trabajo Temporal en Agricultura<\/h2>\t\t\t\t<\/div>\n\t\t\t\t<\/div>\n\t\t\t\t<div class=\"elementor-element elementor-element-5d63a1b elementor-widget elementor-widget-text-editor\" data-id=\"5d63a1b\" data-element_type=\"widget\" data-e-type=\"widget\" data-widget_type=\"text-editor.default\">\n\t\t\t\t<div class=\"elementor-widget-container\">\n\t\t\t\t\t\t\t\t\t<p>Si es un trabajador agr\u00edcola que busca ampliar sus horizontes laborales, el programa de visa H-2A es su puerta de acceso a interesantes oportunidades en el sector agr\u00edcola de Estados Unidos. Con nuestro apoyo, puedes acceder a empleos temporales que te permitir\u00e1n adquirir una valiosa experiencia y contribuir al crecimiento de las industrias agr\u00edcolas.<\/p>\t\t\t\t\t\t\t\t<\/div>\n\t\t\t\t<\/div>\n\t\t\t\t<div class=\"elementor-element elementor-element-2776a36 elementor-mobile-align-justify elementor-widget elementor-widget-button\" data-id=\"2776a36\" data-element_type=\"widget\" data-e-type=\"widget\" data-widget_type=\"button.default\">\n\t\t\t\t<div class=\"elementor-widget-container\">\n\t\t\t\t\t\t\t\t\t<div class=\"elementor-button-wrapper\">\n\t\t\t\t\t<a class=\"elementor-button elementor-button-link elementor-size-sm\" href=\"http:\/\/internationalconnections.net\/es\/h-2a-program\/\">\n\t\t\t\t\t\t<span class=\"elementor-button-content-wrapper\">\n\t\t\t\t\t\t\t\t\t<span class=\"elementor-button-text\">Leer M\u00e1s<\/span>\n\t\t\t\t\t<\/span>\n\t\t\t\t\t<\/a>\n\t\t\t\t<\/div>\n\t\t\t\t\t\t\t\t<\/div>\n\t\t\t\t<\/div>\n\t\t\t\t<\/div>\n\t\t\t\t\t<\/div>\n\t\t\t\t<\/div>\n\t\t<div class=\"elementor-element elementor-element-ba8d65d e-flex e-con-boxed e-con e-parent\" data-id=\"ba8d65d\" data-element_type=\"container\" data-e-type=\"container\">\n\t\t\t\t\t<div class=\"e-con-inner\">\n\t\t<div class=\"elementor-element elementor-element-5dfc0b7 e-con-full e-flex e-con e-child\" data-id=\"5dfc0b7\" data-element_type=\"container\" data-e-type=\"container\">\n\t\t\t\t<div class=\"elementor-element elementor-element-d65a7a6 elementor-widget elementor-widget-image\" data-id=\"d65a7a6\" data-element_type=\"widget\" data-e-type=\"widget\" data-widget_type=\"image.default\">\n\t\t\t\t<div class=\"elementor-widget-container\">\n\t\t\t\t\t\t\t\t\t\t\t\t\t\t\t<img decoding=\"async\" width=\"1102\" height=\"842\" src=\"https:\/\/internationalconnections.net\/wp-content\/uploads\/2023\/08\/exitosa-mujer-negocios2.png\" class=\"attachment-full size-full wp-image-908\" alt=\"\" srcset=\"https:\/\/internationalconnections.net\/wp-content\/uploads\/2023\/08\/exitosa-mujer-negocios2.png 1102w, https:\/\/internationalconnections.net\/wp-content\/uploads\/2023\/08\/exitosa-mujer-negocios2-300x229.png 300w, https:\/\/internationalconnections.net\/wp-content\/uploads\/2023\/08\/exitosa-mujer-negocios2-1024x782.png 1024w, https:\/\/internationalconnections.net\/wp-content\/uploads\/2023\/08\/exitosa-mujer-negocios2-768x587.png 768w\" sizes=\"(max-width: 1102px) 100vw, 1102px\" \/>\t\t\t\t\t\t\t\t\t\t\t\t\t\t\t<\/div>\n\t\t\t\t<\/div>\n\t\t\t\t<\/div>\n\t\t<div class=\"elementor-element elementor-element-a085565 e-con-full e-flex e-con e-child\" data-id=\"a085565\" data-element_type=\"container\" data-e-type=\"container\">\n\t\t\t\t<div class=\"elementor-element elementor-element-3acb649 elementor-widget elementor-widget-heading\" data-id=\"3acb649\" data-element_type=\"widget\" data-e-type=\"widget\" data-widget_type=\"heading.default\">\n\t\t\t\t<div class=\"elementor-widget-container\">\n\t\t\t\t\t<h2 class=\"elementor-heading-title elementor-size-default\">Visa H-2B: Oportunidades de Empleo Variadas<\/h2>\t\t\t\t<\/div>\n\t\t\t\t<\/div>\n\t\t\t\t<div class=\"elementor-element elementor-element-7f033bc elementor-widget elementor-widget-text-editor\" data-id=\"7f033bc\" data-element_type=\"widget\" data-e-type=\"widget\" data-widget_type=\"text-editor.default\">\n\t\t\t\t<div class=\"elementor-widget-container\">\n\t\t\t\t\t\t\t\t\t<p>El programa de visa H-2B le ofrece la posibilidad de trabajar temporalmente en una variedad de industrias, desde la hospitalidad hasta la construcci\u00f3n. En International Connections, le guiamos a trav\u00e9s del proceso para que pueda unirse a los equipos de mano de obra que est\u00e1n buscando sus habilidades y experiencia.<\/p>\t\t\t\t\t\t\t\t<\/div>\n\t\t\t\t<\/div>\n\t\t\t\t<div class=\"elementor-element elementor-element-a77e45b elementor-mobile-align-justify elementor-widget elementor-widget-button\" data-id=\"a77e45b\" data-element_type=\"widget\" data-e-type=\"widget\" data-widget_type=\"button.default\">\n\t\t\t\t<div class=\"elementor-widget-container\">\n\t\t\t\t\t\t\t\t\t<div class=\"elementor-button-wrapper\">\n\t\t\t\t\t<a class=\"elementor-button elementor-button-link elementor-size-sm\" href=\"http:\/\/internationalconnections.net\/es\/h-2b-program\/\">\n\t\t\t\t\t\t<span class=\"elementor-button-content-wrapper\">\n\t\t\t\t\t\t\t\t\t<span class=\"elementor-button-text\">Leer M\u00e1s<\/span>\n\t\t\t\t\t<\/span>\n\t\t\t\t\t<\/a>\n\t\t\t\t<\/div>\n\t\t\t\t\t\t\t\t<\/div>\n\t\t\t\t<\/div>\n\t\t\t\t<\/div>\n\t\t\t\t\t<\/div>\n\t\t\t\t<\/div>\n\t\t<div class=\"elementor-element elementor-element-bb507b1 e-flex e-con-boxed e-con e-parent\" data-id=\"bb507b1\" data-element_type=\"container\" data-e-type=\"container\">\n\t\t\t\t\t<div class=\"e-con-inner\">\n\t\t<div class=\"elementor-element elementor-element-8f67ad5 e-con-full e-flex e-con e-child\" data-id=\"8f67ad5\" data-element_type=\"container\" data-e-type=\"container\">\n\t\t\t\t<div class=\"elementor-element elementor-element-d8430dd elementor-widget elementor-widget-image\" data-id=\"d8430dd\" data-element_type=\"widget\" data-e-type=\"widget\" data-widget_type=\"image.default\">\n\t\t\t\t<div class=\"elementor-widget-container\">\n\t\t\t\t\t\t\t\t\t\t\t\t\t\t\t<img decoding=\"async\" width=\"1024\" height=\"941\" src=\"https:\/\/internationalconnections.net\/wp-content\/uploads\/2023\/08\/exitosa-mujer-negociows-1024x941.png\" class=\"attachment-large size-large wp-image-909\" alt=\"\" srcset=\"https:\/\/internationalconnections.net\/wp-content\/uploads\/2023\/08\/exitosa-mujer-negociows-1024x941.png 1024w, https:\/\/internationalconnections.net\/wp-content\/uploads\/2023\/08\/exitosa-mujer-negociows-300x276.png 300w, https:\/\/internationalconnections.net\/wp-content\/uploads\/2023\/08\/exitosa-mujer-negociows-768x705.png 768w, https:\/\/internationalconnections.net\/wp-content\/uploads\/2023\/08\/exitosa-mujer-negociows.png 1227w\" sizes=\"(max-width: 1024px) 100vw, 1024px\" \/>\t\t\t\t\t\t\t\t\t\t\t\t\t\t\t<\/div>\n\t\t\t\t<\/div>\n\t\t\t\t<\/div>\n\t\t<div class=\"elementor-element elementor-element-69de4e7 e-con-full e-flex e-con e-child\" data-id=\"69de4e7\" data-element_type=\"container\" data-e-type=\"container\">\n\t\t\t\t<div class=\"elementor-element elementor-element-abc94a3 elementor-widget elementor-widget-heading\" data-id=\"abc94a3\" data-element_type=\"widget\" data-e-type=\"widget\" data-widget_type=\"heading.default\">\n\t\t\t\t<div class=\"elementor-widget-container\">\n\t\t\t\t\t<h2 class=\"elementor-heading-title elementor-size-default\">Visa B1\/B2: Negocios y Turismo<\/h2>\t\t\t\t<\/div>\n\t\t\t\t<\/div>\n\t\t\t\t<div class=\"elementor-element elementor-element-d8c6023 elementor-widget elementor-widget-text-editor\" data-id=\"d8c6023\" data-element_type=\"widget\" data-e-type=\"widget\" data-widget_type=\"text-editor.default\">\n\t\t\t\t<div class=\"elementor-widget-container\">\n\t\t\t\t\t\t\t\t\t<p>Si deseas visitar Estados Unidos por negocios o turismo, el programa de visa B1\/B2 es la opci\u00f3n adecuada para ti. Proporcionamos el asesoramiento y la asistencia que necesita para obtener su visa y explorar todo lo que este pa\u00eds puede ofrecerle.<\/p>\t\t\t\t\t\t\t\t<\/div>\n\t\t\t\t<\/div>\n\t\t\t\t<div class=\"elementor-element elementor-element-c0fc807 elementor-mobile-align-justify elementor-widget elementor-widget-button\" data-id=\"c0fc807\" data-element_type=\"widget\" data-e-type=\"widget\" data-widget_type=\"button.default\">\n\t\t\t\t<div class=\"elementor-widget-container\">\n\t\t\t\t\t\t\t\t\t<div class=\"elementor-button-wrapper\">\n\t\t\t\t\t<a class=\"elementor-button elementor-button-link elementor-size-sm\" href=\"http:\/\/internationalconnections.net\/es\/other-programs\/\">\n\t\t\t\t\t\t<span class=\"elementor-button-content-wrapper\">\n\t\t\t\t\t\t\t\t\t<span class=\"elementor-button-text\">Leer M\u00e1s<\/span>\n\t\t\t\t\t<\/span>\n\t\t\t\t\t<\/a>\n\t\t\t\t<\/div>\n\t\t\t\t\t\t\t\t<\/div>\n\t\t\t\t<\/div>\n\t\t\t\t<\/div>\n\t\t\t\t\t<\/div>\n\t\t\t\t<\/div>\n\t\t<div class=\"elementor-element elementor-element-6a0a16d e-flex e-con-boxed e-con e-parent\" data-id=\"6a0a16d\" data-element_type=\"container\" data-e-type=\"container\">\n\t\t\t\t\t<div class=\"e-con-inner\">\n\t\t<div class=\"elementor-element elementor-element-0cf67f3 e-con-full e-flex e-con e-child\" data-id=\"0cf67f3\" data-element_type=\"container\" data-e-type=\"container\">\n\t\t\t\t<div class=\"elementor-element elementor-element-6db60e1 elementor-widget elementor-widget-image\" data-id=\"6db60e1\" data-element_type=\"widget\" data-e-type=\"widget\" data-widget_type=\"image.default\">\n\t\t\t\t<div class=\"elementor-widget-container\">\n\t\t\t\t\t\t\t\t\t\t\t\t\t\t\t<img loading=\"lazy\" decoding=\"async\" width=\"1227\" height=\"1127\" src=\"https:\/\/internationalconnections.net\/wp-content\/uploads\/2023\/08\/exitosa-mujer-negoacios.png\" class=\"attachment-full size-full wp-image-914\" alt=\"\" srcset=\"https:\/\/internationalconnections.net\/wp-content\/uploads\/2023\/08\/exitosa-mujer-negoacios.png 1227w, https:\/\/internationalconnections.net\/wp-content\/uploads\/2023\/08\/exitosa-mujer-negoacios-300x276.png 300w, https:\/\/internationalconnections.net\/wp-content\/uploads\/2023\/08\/exitosa-mujer-negoacios-1024x941.png 1024w, https:\/\/internationalconnections.net\/wp-content\/uploads\/2023\/08\/exitosa-mujer-negoacios-768x705.png 768w\" sizes=\"(max-width: 1227px) 100vw, 1227px\" \/>\t\t\t\t\t\t\t\t\t\t\t\t\t\t\t<\/div>\n\t\t\t\t<\/div>\n\t\t\t\t<\/div>\n\t\t<div class=\"elementor-element elementor-element-b98e3bb e-con-full e-flex e-con e-child\" data-id=\"b98e3bb\" data-element_type=\"container\" data-e-type=\"container\">\n\t\t\t\t<div class=\"elementor-element elementor-element-58ae931 elementor-widget elementor-widget-heading\" data-id=\"58ae931\" data-element_type=\"widget\" data-e-type=\"widget\" data-widget_type=\"heading.default\">\n\t\t\t\t<div class=\"elementor-widget-container\">\n\t\t\t\t\t<h2 class=\"elementor-heading-title elementor-size-default\">Visas H-4: Visa Dependiente Para Acompa\u00f1antes<\/h2>\t\t\t\t<\/div>\n\t\t\t\t<\/div>\n\t\t\t\t<div class=\"elementor-element elementor-element-4b33375 elementor-widget elementor-widget-text-editor\" data-id=\"4b33375\" data-element_type=\"widget\" data-e-type=\"widget\" data-widget_type=\"text-editor.default\">\n\t\t\t\t<div class=\"elementor-widget-container\">\n\t\t\t\t\t\t\t\t\t<p>El programa de visa H-4 est\u00e1 dise\u00f1ado para familiares cercanos de trabajadores temporales en los Estados Unidos. Si eres c\u00f3nyuge o hijo de un titular de visa H-2A o H-2B, te proporcionamos el apoyo necesario para que puedas acompa\u00f1ar a tu ser querido y disfrutar de esta experiencia juntos.<\/p>\t\t\t\t\t\t\t\t<\/div>\n\t\t\t\t<\/div>\n\t\t\t\t<div class=\"elementor-element elementor-element-9b0cb73 elementor-mobile-align-justify elementor-widget elementor-widget-button\" data-id=\"9b0cb73\" data-element_type=\"widget\" data-e-type=\"widget\" data-widget_type=\"button.default\">\n\t\t\t\t<div class=\"elementor-widget-container\">\n\t\t\t\t\t\t\t\t\t<div class=\"elementor-button-wrapper\">\n\t\t\t\t\t<a class=\"elementor-button elementor-button-link elementor-size-sm\" href=\"http:\/\/internationalconnections.net\/es\/other-programs\/\">\n\t\t\t\t\t\t<span class=\"elementor-button-content-wrapper\">\n\t\t\t\t\t\t\t\t\t<span class=\"elementor-button-text\">Leer M\u00e1s<\/span>\n\t\t\t\t\t<\/span>\n\t\t\t\t\t<\/a>\n\t\t\t\t<\/div>\n\t\t\t\t\t\t\t\t<\/div>\n\t\t\t\t<\/div>\n\t\t\t\t<\/div>\n\t\t\t\t\t<\/div>\n\t\t\t\t<\/div>\n\t\t<div class=\"elementor-element elementor-element-002bd32 e-con-full e-flex e-con e-parent\" data-id=\"002bd32\" data-element_type=\"container\" data-e-type=\"container\" data-settings=\"{&quot;background_background&quot;:&quot;classic&quot;}\">\n\t\t<div class=\"elementor-element elementor-element-f3cec38 e-con-full e-flex e-con e-child\" data-id=\"f3cec38\" data-element_type=\"container\" data-e-type=\"container\">\n\t\t\t\t<div class=\"elementor-element elementor-element-f6fd720 elementor-widget elementor-widget-heading\" data-id=\"f6fd720\" data-element_type=\"widget\" data-e-type=\"widget\" data-widget_type=\"heading.default\">\n\t\t\t\t<div class=\"elementor-widget-container\">\n\t\t\t\t\t<h2 class=\"elementor-heading-title elementor-size-default\">\u00bfM\u00e1s Dudas? Cont\u00e1ctanos.<\/h2>\t\t\t\t<\/div>\n\t\t\t\t<\/div>\n\t\t\t\t<div class=\"elementor-element elementor-element-1adb903 elementor-widget elementor-widget-text-editor\" data-id=\"1adb903\" data-element_type=\"widget\" data-e-type=\"widget\" data-widget_type=\"text-editor.default\">\n\t\t\t\t<div class=\"elementor-widget-container\">\n\t\t\t\t\t\t\t\t\t<p>Estamos aqu\u00ed para guiarte en cada paso, desde la selecci\u00f3n del programa adecuado hasta la presentaci\u00f3n satisfactoria de la solicitud.<\/p>\t\t\t\t\t\t\t\t<\/div>\n\t\t\t\t<\/div>\n\t\t\t\t<div class=\"elementor-element elementor-element-c35b965 elementor-align-center elementor-mobile-align-justify elementor-widget-mobile__width-initial elementor-widget elementor-widget-button\" data-id=\"c35b965\" data-element_type=\"widget\" data-e-type=\"widget\" data-widget_type=\"button.default\">\n\t\t\t\t<div class=\"elementor-widget-container\">\n\t\t\t\t\t\t\t\t\t<div class=\"elementor-button-wrapper\">\n\t\t\t\t\t<a class=\"elementor-button elementor-button-link elementor-size-sm\" href=\"http:\/\/internationalconnections.net\/es\/contact-us\/\">\n\t\t\t\t\t\t<span class=\"elementor-button-content-wrapper\">\n\t\t\t\t\t\t\t\t\t<span class=\"elementor-button-text\">Cont\u00e1ctanos<\/span>\n\t\t\t\t\t<\/span>\n\t\t\t\t\t<\/a>\n\t\t\t\t<\/div>\n\t\t\t\t\t\t\t\t<\/div>\n\t\t\t\t<\/div>\n\t\t\t\t<\/div>\n\t\t\t\t<\/div>\n\t\t\t\t<\/div>","protected":false},"excerpt":{"rendered":"<p>Programs At International Connections, we offer a variety of visa programs designed to meet the unique needs of workers and employers. Our commitment is to facilitate the connection between talented individuals and job opportunities in the United States. Find out more about our programs below: H-2A Visa: Temporary Work in Agriculture If you are a [&hellip;]<\/p>\n","protected":false},"author":1,"featured_media":0,"parent":0,"menu_order":0,"comment_status":"closed","ping_status":"closed","template":"","meta":{"footnotes":""},"class_list":["post-29","page","type-page","status-publish","hentry"],"blocksy_meta":{"has_hero_section":"disabled"},"_links":{"self":[{"href":"https:\/\/internationalconnections.net\/es\/wp-json\/wp\/v2\/pages\/29","targetHints":{"allow":["GET"]}}],"collection":[{"href":"https:\/\/internationalconnections.net\/es\/wp-json\/wp\/v2\/pages"}],"about":[{"href":"https:\/\/internationalconnections.net\/es\/wp-json\/wp\/v2\/types\/page"}],"author":[{"embeddable":true,"href":"https:\/\/internationalconnections.net\/es\/wp-json\/wp\/v2\/users\/1"}],"replies":[{"embeddable":true,"href":"https:\/\/internationalconnections.net\/es\/wp-json\/wp\/v2\/comments?post=29"}],"version-history":[{"count":0,"href":"https:\/\/internationalconnections.net\/es\/wp-json\/wp\/v2\/pages\/29\/revisions"}],"wp:attachment":[{"href":"https:\/\/internationalconnections.net\/es\/wp-json\/wp\/v2\/media?parent=29"}],"curies":[{"name":"wp","href":"https:\/\/api.w.org\/{rel}","templated":true}]}}